{"id":1578,"date":"2025-12-07T14:22:22","date_gmt":"2025-12-07T17:22:22","guid":{"rendered":"https:\/\/estambul.com.ar\/ba\/?page_id=1578"},"modified":"2025-12-10T12:08:15","modified_gmt":"2025-12-10T15:08:15","slug":"terminos-y-condiciones","status":"publish","type":"page","link":"https:\/\/estambul.com.ar\/ba\/terminos-y-condiciones\/","title":{"rendered":"T\u00e9rminos y condiciones"},"content":{"rendered":"\t\t<div data-elementor-type=\"wp-page\" data-elementor-id=\"1578\" class=\"elementor elementor-1578\" data-elementor-post-type=\"page\">\n\t\t\t\t<div class=\"elementor-element elementor-element-453c3af4 e-flex e-con-boxed e-con e-parent\" data-id=\"453c3af4\" data-element_type=\"container\" data-e-type=\"container\">\n\t\t\t\t\t<div class=\"e-con-inner\">\n\t\t\t\t<div class=\"elementor-element elementor-element-a0422ac elementor-widget-divider--view-line elementor-widget elementor-widget-divider\" data-id=\"a0422ac\" data-element_type=\"widget\" data-e-type=\"widget\" data-widget_type=\"divider.default\">\n\t\t\t\t\t\t\t<div class=\"elementor-divider\">\n\t\t\t<span class=\"elementor-divider-separator\">\n\t\t\t\t\t\t<\/span>\n\t\t<\/div>\n\t\t\t\t\t\t<\/div>\n\t\t\t\t<div class=\"elementor-element elementor-element-701c4140 elementor-widget elementor-widget-text-editor\" data-id=\"701c4140\" data-element_type=\"widget\" data-e-type=\"widget\" data-widget_type=\"text-editor.default\">\n\t\t\t\t\t\t\t\t\t\n<p style=\"margin-right: 20px; margin-left: 20px;\">Bienvenido\/a Estambul. Al acceder y utilizar este sitio web estambul.com.ar, acept\u00e1s los presentes T\u00e9rminos y Condiciones. Si no est\u00e1s de acuerdo con alguno de ellos, por favor no utilices este sitio.<\/p>\n<hr class=\"wp-block-separator has-alpha-channel-opacity\" \/>\n<h3 class=\"wp-block-heading\"><strong>1. Identificaci\u00f3n del titular<\/strong><\/h3>\n\n<p style=\"margin-right: 20px; margin-left: 20px;\">Este sitio es operado por:<\/p>\n\n<ul class=\"wp-block-list\">\n<li style=\"margin-right: 20px;\">Nombre comercial: <strong class=\"Yjhzub\" data-processed=\"true\">Soda Estambul<\/strong><\/li>\n\n<li style=\"margin-right: 20px;\">Raz\u00f3n social: INDUSTRIAL SODERA S.R.L.<\/li>\n\n<li style=\"margin-right: 20px;\">Domicilio legal: Pedro Vittori 3781, Santa Fe de la Vera Cruz, Santa Fe.<\/li>\n\n<li style=\"margin-right: 20px;\">Correo electr\u00f3nico de contacto: web@estambul.com.ar<\/li>\n<\/ul>\n\n<h3 class=\"wp-block-heading\"><strong>2. Productos y precios<\/strong><\/h3>\n\n<p style=\"margin-right: 20px; margin-left: 20px;\">Los productos ofrecidos en este sitio son de car\u00e1cter f\u00edsico.<br \/>Todos los precios est\u00e1n expresados en pesos argentinos (ARS) e incluyen IVA, salvo que se indique expresamente lo contrario.<\/p>\n\n<p style=\"margin-right: 20px; margin-left: 20px;\">Los costos de env\u00edo se adicionan al total de la compra y se informan antes de finalizar el pago.<\/p>\n\n<h3 class=\"wp-block-heading\"><strong>3. Formas de pago<\/strong><\/h3>\n\n<p style=\"margin-right: 20px; margin-left: 20px;\">Actualmente, el \u00fanico medio de pago disponible es:<\/p>\n\n<ul class=\"wp-block-list\">\n<li>Transferencia bancaria<\/li>\n<\/ul>\n\n<p style=\"margin-right: 20px; margin-left: 20px;\">Una vez realizado el pedido, el cliente recibir\u00e1 los datos necesarios para efectuar la transferencia. El pedido ser\u00e1 procesado una vez acreditado el pago.<\/p>\n\n<h3 class=\"wp-block-heading\"><strong>4. Env\u00edos<\/strong><\/h3>\n\n<p style=\"margin-right: 20px; margin-left: 20px;\">Los env\u00edos se realizan dentro de la zona de Buenos Aires.<br \/>Los plazos de entrega son estimados y pueden variar seg\u00fan la log\u00edstica del transporte.<\/p>\n\n<p style=\"margin-right: 20px; margin-left: 20px;\">Estambul no se responsabiliza por demoras atribuibles a terceros una vez despachado el pedido.<\/p>\n\n<h3 class=\"wp-block-heading\"><strong>5. Cambios, devoluciones y reembolsos<\/strong><\/h3>\n\n<p style=\"margin-right: 20px; margin-left: 20px;\">Las condiciones de cambios, devoluciones y reembolsos se rigen por lo establecido en la p\u00e1gina espec\u00edfica de <strong><a href=\"https:\/\/estambul.com.ar\/ba\/reembolso_devoluciones\/\" data-type=\"page\" data-id=\"1227\">Pol\u00edtica de Devoluciones y Reembolsos<\/a><\/strong>, disponible en este sitio.<\/p>\n\n<h3 class=\"wp-block-heading\"><strong>6. Responsabilidad<\/strong><\/h3>\n\n<p style=\"padding-right: 20px; padding-left: 20px;\">Estambul no se responsabiliza por da\u00f1os derivados del mal uso del producto por parte del consumidor.<\/p>\n\n<h3 class=\"wp-block-heading\"><strong>7. Propiedad intelectual<\/strong><\/h3>\n\n<p style=\"margin-right: 20px; margin-left: 20px;\">Todos los contenidos de este sitio (textos, im\u00e1genes, dise\u00f1os, logotipos) son propiedad de Estambul y est\u00e1n protegidos por las leyes de propiedad intelectual.<\/p>\n\n<h3 class=\"wp-block-heading\"><strong>8. Modificaciones<\/strong><\/h3>\n\n<p style=\"margin-right: 20px; margin-left: 20px;\">Estambul se reserva el derecho de modificar estos t\u00e9rminos en cualquier momento. Las modificaciones entrar\u00e1n en vigencia desde su publicaci\u00f3n en el sitio.<\/p>\n\n<h3 class=\"wp-block-heading\">9. Legislaci\u00f3n aplicable<\/h3>\n\n<p style=\"margin-right: 20px; margin-left: 20px;\">Estos t\u00e9rminos se rigen por las leyes de la Rep\u00fablica Argentina. Cualquier controversia ser\u00e1 sometida a los tribunales ordinarios correspondientes.<\/p>\n\n<p>\u00a0<\/p>\n\t\t\t\t\t\t\t\t<\/div>\n\t\t\t\t\t<\/div>\n\t\t\t\t<\/div>\n\t\t\t\t<\/div>\n\t\t","protected":false},"excerpt":{"rendered":"<p>Bienvenido\/a Estambul. Al acceder y utilizar este sitio web estambul.com.ar, acept\u00e1s los presentes T\u00e9rminos y Condiciones. Si no est\u00e1s de acuerdo con alguno de ellos, por favor no utilices este sitio. 1. Identificaci\u00f3n del titular Este sitio es operado por: Los productos ofrecidos en este sitio son de car\u00e1cter f\u00edsico.Todos los precios est\u00e1n expresados en [&hellip;]<\/p>\n","protected":false},"author":3,"featured_media":0,"parent":0,"menu_order":0,"comment_status":"closed","ping_status":"closed","template":"","meta":{"footnotes":""},"class_list":["post-1578","page","type-page","status-publish","hentry"],"_links":{"self":[{"href":"https:\/\/estambul.com.ar\/ba\/wp-json\/wp\/v2\/pages\/1578","targetHints":{"allow":["GET"]}}],"collection":[{"href":"https:\/\/estambul.com.ar\/ba\/wp-json\/wp\/v2\/pages"}],"about":[{"href":"https:\/\/estambul.com.ar\/ba\/wp-json\/wp\/v2\/types\/page"}],"author":[{"embeddable":true,"href":"https:\/\/estambul.com.ar\/ba\/wp-json\/wp\/v2\/users\/3"}],"replies":[{"embeddable":true,"href":"https:\/\/estambul.com.ar\/ba\/wp-json\/wp\/v2\/comments?post=1578"}],"version-history":[{"count":13,"href":"https:\/\/estambul.com.ar\/ba\/wp-json\/wp\/v2\/pages\/1578\/revisions"}],"predecessor-version":[{"id":1754,"href":"https:\/\/estambul.com.ar\/ba\/wp-json\/wp\/v2\/pages\/1578\/revisions\/1754"}],"wp:attachment":[{"href":"https:\/\/estambul.com.ar\/ba\/wp-json\/wp\/v2\/media?parent=1578"}],"curies":[{"name":"wp","href":"https:\/\/api.w.org\/{rel}","templated":true}]}}