{"id":1654,"date":"2025-12-08T01:38:36","date_gmt":"2025-12-08T04:38:36","guid":{"rendered":"https:\/\/estambul.com.ar\/ba\/?post_type=product&#038;p=1654"},"modified":"2026-04-03T18:40:28","modified_gmt":"2026-04-03T21:40:28","slug":"soda-estambul-producto-individual","status":"publish","type":"product","link":"https:\/\/estambul.com.ar\/ba\/producto\/soda-estambul-producto-individual\/","title":{"rendered":"Pack Soda Estambul x12"},"content":{"rendered":"<p data-start=\"235\" data-end=\"450\">Soda Estambul es tradici\u00f3n y frescura en burbujas. Es gasificaci\u00f3n precisa, la soda ideal para acompa\u00f1ar tus comidas y refrescar tus d\u00edas.<\/p>\n<p data-start=\"452\" data-end=\"782\">Con a\u00f1os de experiencia en el rubro, Estambul combina cuidado con calidad, logrando una soda de sabor limpio, burbujeante y refrescante.<\/p>\n<p data-start=\"784\" data-end=\"951\">Elegir Soda Estambul es elegir un producto confiable, rendidor y delicioso, \u00a1por eso te traemos 12 botellas de 500ml en un solo pack!<\/p>\n","protected":false},"excerpt":{"rendered":"<p data-start=\"999\" data-end=\"1147\">Pack descartable de 12 sodas de 500ml<\/p>\n","protected":false},"featured_media":2047,"comment_status":"open","ping_status":"closed","template":"","meta":[],"product_brand":[],"product_cat":[24,23],"product_tag":[26,25],"class_list":{"0":"post-1654","1":"product","2":"type-product","3":"status-publish","4":"has-post-thumbnail","6":"product_cat-bebida","7":"product_cat-soda","8":"product_tag-clasica","9":"product_tag-soda","11":"first","12":"instock","13":"taxable","14":"shipping-taxable","15":"purchasable","16":"product-type-simple"},"_links":{"self":[{"href":"https:\/\/estambul.com.ar\/ba\/wp-json\/wp\/v2\/product\/1654","targetHints":{"allow":["GET"]}}],"collection":[{"href":"https:\/\/estambul.com.ar\/ba\/wp-json\/wp\/v2\/product"}],"about":[{"href":"https:\/\/estambul.com.ar\/ba\/wp-json\/wp\/v2\/types\/product"}],"replies":[{"embeddable":true,"href":"https:\/\/estambul.com.ar\/ba\/wp-json\/wp\/v2\/comments?post=1654"}],"wp:featuredmedia":[{"embeddable":true,"href":"https:\/\/estambul.com.ar\/ba\/wp-json\/wp\/v2\/media\/2047"}],"wp:attachment":[{"href":"https:\/\/estambul.com.ar\/ba\/wp-json\/wp\/v2\/media?parent=1654"}],"wp:term":[{"taxonomy":"product_brand","embeddable":true,"href":"https:\/\/estambul.com.ar\/ba\/wp-json\/wp\/v2\/product_brand?post=1654"},{"taxonomy":"product_cat","embeddable":true,"href":"https:\/\/estambul.com.ar\/ba\/wp-json\/wp\/v2\/product_cat?post=1654"},{"taxonomy":"product_tag","embeddable":true,"href":"https:\/\/estambul.com.ar\/ba\/wp-json\/wp\/v2\/product_tag?post=1654"}],"curies":[{"name":"wp","href":"https:\/\/api.w.org\/{rel}","templated":true}]}}